{"id":47352,"date":"2023-09-13T14:25:08","date_gmt":"2023-09-13T14:25:08","guid":{"rendered":"https:\/\/sesapack.com.tr\/?page_id=47352"},"modified":"2023-09-13T15:05:28","modified_gmt":"2023-09-13T15:05:28","slug":"biz-kimiz","status":"publish","type":"page","link":"https:\/\/www.ssplastik.com.tr\/index.php\/biz-kimiz\/","title":{"rendered":"B\u0130Z K\u0130M\u0130Z"},"content":{"rendered":"\t\t<div data-elementor-type=\"wp-page\" data-elementor-id=\"47352\" class=\"elementor elementor-47352\">\n\t\t\t\t\t\t\t\t\t<section class=\"elementor-section elementor-top-section elementor-element elementor-element-ffe1180 elementor-section-stretched elementor-section-boxed elementor-section-height-default elementor-section-height-default tm-col-stretched-none tm-bg-color-over-image\" data-id=\"ffe1180\" data-element_type=\"section\" data-settings=\"{&quot;stretch_section&quot;:&quot;section-stretched&quot;,&quot;background_background&quot;:&quot;classic&quot;}\">\n\t\t\t\t\t\t\t<div class=\"elementor-background-overlay\"><\/div>\n\t\t\t\t\t\t\t<div class=\"elementor-container elementor-column-gap-extended\">\n\t\t\t\t\t<div class=\"elementor-column elementor-col-33 elementor-top-column elementor-element elementor-element-dea2bce tm-bg-color-over-image\" data-id=\"dea2bce\" data-element_type=\"column\">\n\t\t\t<div class=\"elementor-widget-wrap elementor-element-populated\">\n\t\t\t\t\t\t\t\t<div class=\"elementor-element elementor-element-a7452d0 elementor-widget elementor-widget-tm-ele-animated-layers\" data-id=\"a7452d0\" data-element_type=\"widget\" data-widget_type=\"tm-ele-animated-layers.default\">\n\t\t\t\t<div class=\"elementor-widget-container\">\n\t\t\t\t\t<div class=\"tm-sc-animated-layer-advanced \">\r\n\t\t\t<div class=\"animated-layer-advanced-inner clearfix\">\r\n\t\r\n<div class=\"layer-image-wrapper layer-image  layer-image-fullwidth elementor-repeater-item-f32edfc\" style=\"\">\r\n\t<div class=\"layer-inner layer-image  \">\r\n\t\t<div class=\"layer-image-inner-wrapper image-hover-effect-shine\">\r\n\t\t\t<img fetchpriority=\"high\" decoding=\"async\" class=\"\" src=\"https:\/\/www.ssplastik.com.tr\/wp-content\/uploads\/2023\/08\/RS37901_iStock-999802822-600x800.jpg\" width=\"600\" height=\"800\" alt=\"Image\">\r\n\t\t<\/div>\r\n\t<\/div>\r\n<\/div>\r\n\r\n<div class=\"layer-image-wrapper layer-image  layer-image-fullwidth elementor-repeater-item-a895a5f\" style=\"\">\r\n\t<div class=\"layer-inner layer-image  \">\r\n\t\t<div class=\"layer-image-inner-wrapper image-hover-effect-shine\">\r\n\t\t\t<img decoding=\"async\" class=\"\" src=\"https:\/\/www.ssplastik.com.tr\/wp-content\/uploads\/2023\/08\/atlet-poset6-550x550.jpg\" width=\"550\" height=\"550\" alt=\"Image\">\r\n\t\t<\/div>\r\n\t<\/div>\r\n<\/div>\r\n\r\n<div class=\"layer-image-wrapper layer-image  layer-image-fullwidth elementor-repeater-item-b27a7a4\" style=\"\">\r\n\t<div class=\"layer-inner layer-image  tm-animation-floating\">\r\n\t\t<div class=\"layer-image-inner-wrapper \">\r\n\t\t\t<img decoding=\"async\" class=\"\" src=\"https:\/\/www.ssplastik.com.tr\/wp-content\/uploads\/2023\/05\/dots.png\" width=\"203\" height=\"198\" alt=\"Image\">\r\n\t\t<\/div>\r\n\t<\/div>\r\n<\/div>\r\n\t\t\t<\/div>\r\n\t\t\t<div class=\"clearfix\"><\/div>\r\n\t\t<\/div>\r\n\t\t\t<\/div>\n\t\t\t\t<\/div>\n\t\t\t\t\t<\/div>\n\t\t<\/div>\n\t\t\t\t<div class=\"elementor-column elementor-col-33 elementor-top-column elementor-element elementor-element-6de03c2 tm-bg-color-over-image\" data-id=\"6de03c2\" data-element_type=\"column\">\n\t\t\t<div class=\"elementor-widget-wrap\">\n\t\t\t\t\t\t\t\t\t<\/div>\n\t\t<\/div>\n\t\t\t\t<div class=\"elementor-column elementor-col-33 elementor-top-column elementor-element elementor-element-b193e0f tm-bg-color-over-image\" data-id=\"b193e0f\" data-element_type=\"column\">\n\t\t\t<div class=\"elementor-widget-wrap elementor-element-populated\">\n\t\t\t\t\t\t\t\t<div class=\"elementor-element elementor-element-085879a horizontal-line-align-left vertical-line-align-bottom elementor-widget elementor-widget-tm-ele-section-title\" data-id=\"085879a\" data-element_type=\"widget\" data-widget_type=\"tm-ele-section-title.default\">\n\t\t\t\t<div class=\"elementor-widget-container\">\n\t\t\t<div class=\"tm-sc-section-title section-title line-right-current-theme \">\r\n\t<div class=\"title-wrapper\">\r\n\t\t\t\t\t\t<h6 class=\"subtitle \">\r\n\r\n\t\t\r\n\t\tSESA Plastik Ambalaj\t<\/h6>\r\n\t\t\t\t<h2 class=\"title \">\r\n\r\n\t\t\r\n\t\t\t\t<span class=\"title-part1 \">Yar\u0131nlara De\u011fer Veren; \u00c7evreye Sayg\u0131l\u0131 Inovatif \u00c7\u00f6z\u00fcmler...<\/span>\r\n\t\t\t\t\r\n\t\t\r\n\t<\/h2>\r\n\t<div class=\"title-seperator-line\"><\/div>\t\t\t\t\t\t<\/div>\r\n<\/div>\t\t<\/div>\n\t\t\t\t<\/div>\n\t\t\t\t<div class=\"elementor-element elementor-element-3a74bb0 elementor-widget elementor-widget-tm-ele-text-editor\" data-id=\"3a74bb0\" data-element_type=\"widget\" data-widget_type=\"tm-ele-text-editor.default\">\n\t\t\t\t<div class=\"elementor-widget-container\">\n\t\t\t\t\t<div class=\"tm-text-editor\">\r\n\t\t<p style=\"text-align: justify;\">Ambalaj po\u015fetlerini farkl\u0131 renkler veya desenlerle tercih ederek, tarz\u0131n\u0131z\u0131 ve ki\u015fisel zevklerinizi yans\u0131tabilirsiniz. Bu sayede, s\u0131radan bir po\u015fet yerine daha \u015f\u0131k ve g\u00f6ze ho\u015f gelen bir se\u00e7enek kullanabilirsiniz. Ambalaj po\u015fetlerinin kullan\u0131m\u0131yla stilinizi ve yarat\u0131c\u0131l\u0131\u011f\u0131n\u0131z\u0131 ortaya koyabilirsiniz.<\/p><p style=\"text-align: justify;\">Sonu\u00e7 olarak, ambalaj po\u015fetleri sadece g\u00fcnl\u00fck ya\u015fant\u0131m\u0131zda s\u0131kl\u0131kla kar\u015f\u0131la\u015ft\u0131\u011f\u0131m\u0131z bir ara\u00e7 de\u011fil, ayn\u0131 zamanda inovatif \u00e7\u00f6z\u00fcmler sunan bir \u00fcr\u00fcnd\u00fcr. Ambalaj po\u015fetlerini \u00e7evre dostu bir se\u00e7enek olarak d\u00fc\u015f\u00fcnmek, pratiklik ve organizasyon a\u00e7\u0131s\u0131ndan avantajlar sa\u011flamak, evinizin d\u00fczenini sa\u011flamak ve stilinizi yans\u0131tmak i\u00e7in kullanabilirsiniz.<\/p>\t\t<\/div>\r\n\t\t\t<\/div>\n\t\t\t\t<\/div>\n\t\t\t\t\t<\/div>\n\t\t<\/div>\n\t\t\t\t\t\t\t<\/div>\n\t\t<\/section>\n\t\t\t\t\t\t\t<\/div>\n\t\t","protected":false},"excerpt":{"rendered":"<p>SESA Plastik Ambalaj Yar\u0131nlara De\u011fer Veren; \u00c7evreye Sayg\u0131l\u0131 Inovatif \u00c7\u00f6z\u00fcmler&#8230; Ambalaj po\u015fetlerini farkl\u0131 renkler veya desenlerle tercih ederek, tarz\u0131n\u0131z\u0131 ve&#8230;<\/p>\n","protected":false},"author":1,"featured_media":0,"parent":0,"menu_order":0,"comment_status":"closed","ping_status":"closed","template":"","meta":{"footnotes":""},"class_list":["post-47352","page","type-page","status-publish","hentry"],"_links":{"self":[{"href":"https:\/\/www.ssplastik.com.tr\/index.php\/wp-json\/wp\/v2\/pages\/47352","targetHints":{"allow":["GET"]}}],"collection":[{"href":"https:\/\/www.ssplastik.com.tr\/index.php\/wp-json\/wp\/v2\/pages"}],"about":[{"href":"https:\/\/www.ssplastik.com.tr\/index.php\/wp-json\/wp\/v2\/types\/page"}],"author":[{"embeddable":true,"href":"https:\/\/www.ssplastik.com.tr\/index.php\/wp-json\/wp\/v2\/users\/1"}],"replies":[{"embeddable":true,"href":"https:\/\/www.ssplastik.com.tr\/index.php\/wp-json\/wp\/v2\/comments?post=47352"}],"version-history":[{"count":4,"href":"https:\/\/www.ssplastik.com.tr\/index.php\/wp-json\/wp\/v2\/pages\/47352\/revisions"}],"predecessor-version":[{"id":47409,"href":"https:\/\/www.ssplastik.com.tr\/index.php\/wp-json\/wp\/v2\/pages\/47352\/revisions\/47409"}],"wp:attachment":[{"href":"https:\/\/www.ssplastik.com.tr\/index.php\/wp-json\/wp\/v2\/media?parent=47352"}],"curies":[{"name":"wp","href":"https:\/\/api.w.org\/{rel}","templated":true}]}}