{"id":47354,"date":"2023-09-13T14:28:01","date_gmt":"2023-09-13T14:28:01","guid":{"rendered":"https:\/\/sesapack.com.tr\/?page_id=47354"},"modified":"2023-09-13T14:28:01","modified_gmt":"2023-09-13T14:28:01","slug":"urunlerimiz","status":"publish","type":"page","link":"https:\/\/www.ssplastik.com.tr\/index.php\/urunlerimiz\/","title":{"rendered":"\u00dcR\u00dcNLER\u0130M\u0130Z"},"content":{"rendered":"","protected":false},"excerpt":{"rendered":"","protected":false},"author":1,"featured_media":0,"parent":0,"menu_order":0,"comment_status":"closed","ping_status":"closed","template":"","meta":{"footnotes":""},"class_list":["post-47354","page","type-page","status-publish","hentry"],"_links":{"self":[{"href":"https:\/\/www.ssplastik.com.tr\/index.php\/wp-json\/wp\/v2\/pages\/47354","targetHints":{"allow":["GET"]}}],"collection":[{"href":"https:\/\/www.ssplastik.com.tr\/index.php\/wp-json\/wp\/v2\/pages"}],"about":[{"href":"https:\/\/www.ssplastik.com.tr\/index.php\/wp-json\/wp\/v2\/types\/page"}],"author":[{"embeddable":true,"href":"https:\/\/www.ssplastik.com.tr\/index.php\/wp-json\/wp\/v2\/users\/1"}],"replies":[{"embeddable":true,"href":"https:\/\/www.ssplastik.com.tr\/index.php\/wp-json\/wp\/v2\/comments?post=47354"}],"version-history":[{"count":1,"href":"https:\/\/www.ssplastik.com.tr\/index.php\/wp-json\/wp\/v2\/pages\/47354\/revisions"}],"predecessor-version":[{"id":47355,"href":"https:\/\/www.ssplastik.com.tr\/index.php\/wp-json\/wp\/v2\/pages\/47354\/revisions\/47355"}],"wp:attachment":[{"href":"https:\/\/www.ssplastik.com.tr\/index.php\/wp-json\/wp\/v2\/media?parent=47354"}],"curies":[{"name":"wp","href":"https:\/\/api.w.org\/{rel}","templated":true}]}}