{"id":47364,"date":"2023-09-13T14:34:26","date_gmt":"2023-09-13T14:34:26","guid":{"rendered":"https:\/\/sesapack.com.tr\/?page_id=47364"},"modified":"2023-09-13T15:38:28","modified_gmt":"2023-09-13T15:38:28","slug":"dokme-cop-poseti","status":"publish","type":"page","link":"https:\/\/www.ssplastik.com.tr\/index.php\/urunlerimiz\/dokme-cop-poseti\/","title":{"rendered":"D\u00f6kme \u00c7\u00f6p Po\u015feti"},"content":{"rendered":"\t\t<div data-elementor-type=\"wp-page\" data-elementor-id=\"47364\" class=\"elementor elementor-47364\">\n\t\t\t\t\t\t\t\t\t<section class=\"elementor-section elementor-top-section elementor-element elementor-element-dbd7755 elementor-section-boxed elementor-section-height-default elementor-section-height-default tm-col-stretched-none tm-bg-color-over-image\" data-id=\"dbd7755\" data-element_type=\"section\">\n\t\t\t\t\t\t<div class=\"elementor-container elementor-column-gap-default\">\n\t\t\t\t\t<div class=\"elementor-column elementor-col-100 elementor-top-column elementor-element elementor-element-5871332 tm-bg-color-over-image\" data-id=\"5871332\" data-element_type=\"column\">\n\t\t\t<div class=\"elementor-widget-wrap elementor-element-populated\">\n\t\t\t\t\t\t\t\t<div class=\"elementor-element elementor-element-4b766b9 elementor-widget elementor-widget-tm-ele-image-gallery\" data-id=\"4b766b9\" data-element_type=\"widget\" data-widget_type=\"tm-ele-image-gallery.skin-style-current-theme1\">\n\t\t\t\t<div class=\"elementor-widget-container\">\n\t\t\t\t<div class=\"tm-sc-gallery tm-sc-gallery-grid grid-5\">\r\n\t\t<!-- Isotope Gallery Grid -->\r\n\t\t<div id=\"gallery-holder-766022\" class=\"isotope-layout grid-5 gutter-15 lightgallery-lightbox\">\r\n\t\t\t<div class=\"isotope-layout-inner\">\r\n\t\t\t\t\r\n\t\t\t\t<!-- the loop -->\r\n\t\t\t\t\t\t\t\t<!-- Isotope Item Start -->\r\n\t\t\t\t<div class=\"isotope-item\">\r\n\t\t\t\t\t<div class=\"isotope-item-inner\">\r\n\t\t\t\t\t\t<div class=\"tm-gallery-item-currenty-style1\">\r\n\t<div class=\"tm-gallery-inner\">\r\n\t\t<div class=\"thumb\">\r\n\t\t\t\t\t\t<img decoding=\"async\" class=\"thumb\" src=\"https:\/\/www.ssplastik.com.tr\/wp-content\/uploads\/2023\/09\/0b324d5a-b52b-48ea-a069-fac16bea2045-400x532.jpg\" alt=\"\">\r\n\t\t\t\t\t<\/div>\r\n\r\n\t\t    \t<a class=\"btn-more lightgallery-trigger\" data-exthumbimage=\"https:\/\/www.ssplastik.com.tr\/wp-content\/uploads\/2023\/09\/0b324d5a-b52b-48ea-a069-fac16bea2045.jpg\" title=\"photo\" href=\"https:\/\/www.ssplastik.com.tr\/wp-content\/uploads\/2023\/09\/0b324d5a-b52b-48ea-a069-fac16bea2045.jpg\"><i class=\"fas fa-chevron-up\"><\/i><\/a>\r\n\t\t\t<\/div>\r\n<\/div>\t\t\t\t\t<\/div>\r\n\t\t\t\t<\/div>\r\n\t\t\t\t<!-- Isotope Item End -->\r\n\t\t\t\t\t\t\t\t<!-- Isotope Item Start -->\r\n\t\t\t\t<div class=\"isotope-item\">\r\n\t\t\t\t\t<div class=\"isotope-item-inner\">\r\n\t\t\t\t\t\t<div class=\"tm-gallery-item-currenty-style1\">\r\n\t<div class=\"tm-gallery-inner\">\r\n\t\t<div class=\"thumb\">\r\n\t\t\t\t\t\t<img decoding=\"async\" class=\"thumb\" src=\"https:\/\/www.ssplastik.com.tr\/wp-content\/uploads\/2023\/09\/1e0c64b2-21b1-46ad-b3a1-9432674c4aa6-400x532.jpg\" alt=\"\">\r\n\t\t\t\t\t<\/div>\r\n\r\n\t\t    \t<a class=\"btn-more lightgallery-trigger\" data-exthumbimage=\"https:\/\/www.ssplastik.com.tr\/wp-content\/uploads\/2023\/09\/1e0c64b2-21b1-46ad-b3a1-9432674c4aa6.jpg\" title=\"photo\" href=\"https:\/\/www.ssplastik.com.tr\/wp-content\/uploads\/2023\/09\/1e0c64b2-21b1-46ad-b3a1-9432674c4aa6.jpg\"><i class=\"fas fa-chevron-up\"><\/i><\/a>\r\n\t\t\t<\/div>\r\n<\/div>\t\t\t\t\t<\/div>\r\n\t\t\t\t<\/div>\r\n\t\t\t\t<!-- Isotope Item End -->\r\n\t\t\t\t\t\t\t\t<!-- Isotope Item Start -->\r\n\t\t\t\t<div class=\"isotope-item\">\r\n\t\t\t\t\t<div class=\"isotope-item-inner\">\r\n\t\t\t\t\t\t<div class=\"tm-gallery-item-currenty-style1\">\r\n\t<div class=\"tm-gallery-inner\">\r\n\t\t<div class=\"thumb\">\r\n\t\t\t\t\t\t<img decoding=\"async\" class=\"thumb\" src=\"https:\/\/www.ssplastik.com.tr\/wp-content\/uploads\/2023\/09\/0115bc5c-8695-430b-9865-708d8706d257-400x532.jpg\" alt=\"\">\r\n\t\t\t\t\t<\/div>\r\n\r\n\t\t    \t<a class=\"btn-more lightgallery-trigger\" data-exthumbimage=\"https:\/\/www.ssplastik.com.tr\/wp-content\/uploads\/2023\/09\/0115bc5c-8695-430b-9865-708d8706d257.jpg\" title=\"photo\" href=\"https:\/\/www.ssplastik.com.tr\/wp-content\/uploads\/2023\/09\/0115bc5c-8695-430b-9865-708d8706d257.jpg\"><i class=\"fas fa-chevron-up\"><\/i><\/a>\r\n\t\t\t<\/div>\r\n<\/div>\t\t\t\t\t<\/div>\r\n\t\t\t\t<\/div>\r\n\t\t\t\t<!-- Isotope Item End -->\r\n\t\t\t\t\t\t\t\t<!-- end of the loop -->\r\n\t\t\t<\/div>\r\n\t\t<\/div>\r\n\t\t<!-- End Isotope Gallery Grid -->\r\n\t<\/div>\r\n\t\t<\/div>\n\t\t\t\t<\/div>\n\t\t\t\t\t<\/div>\n\t\t<\/div>\n\t\t\t\t\t\t\t<\/div>\n\t\t<\/section>\n\t\t\t\t\t\t\t<\/div>\n\t\t","protected":false},"excerpt":{"rendered":"","protected":false},"author":1,"featured_media":0,"parent":47354,"menu_order":0,"comment_status":"closed","ping_status":"closed","template":"","meta":{"footnotes":""},"class_list":["post-47364","page","type-page","status-publish","hentry"],"_links":{"self":[{"href":"https:\/\/www.ssplastik.com.tr\/index.php\/wp-json\/wp\/v2\/pages\/47364","targetHints":{"allow":["GET"]}}],"collection":[{"href":"https:\/\/www.ssplastik.com.tr\/index.php\/wp-json\/wp\/v2\/pages"}],"about":[{"href":"https:\/\/www.ssplastik.com.tr\/index.php\/wp-json\/wp\/v2\/types\/page"}],"author":[{"embeddable":true,"href":"https:\/\/www.ssplastik.com.tr\/index.php\/wp-json\/wp\/v2\/users\/1"}],"replies":[{"embeddable":true,"href":"https:\/\/www.ssplastik.com.tr\/index.php\/wp-json\/wp\/v2\/comments?post=47364"}],"version-history":[{"count":4,"href":"https:\/\/www.ssplastik.com.tr\/index.php\/wp-json\/wp\/v2\/pages\/47364\/revisions"}],"predecessor-version":[{"id":47468,"href":"https:\/\/www.ssplastik.com.tr\/index.php\/wp-json\/wp\/v2\/pages\/47364\/revisions\/47468"}],"up":[{"embeddable":true,"href":"https:\/\/www.ssplastik.com.tr\/index.php\/wp-json\/wp\/v2\/pages\/47354"}],"wp:attachment":[{"href":"https:\/\/www.ssplastik.com.tr\/index.php\/wp-json\/wp\/v2\/media?parent=47364"}],"curies":[{"name":"wp","href":"https:\/\/api.w.org\/{rel}","templated":true}]}}