{"id":47412,"date":"2023-09-13T15:07:38","date_gmt":"2023-09-13T15:07:38","guid":{"rendered":"https:\/\/sesapack.com.tr\/?page_id=47412"},"modified":"2023-09-13T15:10:46","modified_gmt":"2023-09-13T15:10:46","slug":"cozumler","status":"publish","type":"page","link":"https:\/\/www.ssplastik.com.tr\/index.php\/cozumler\/","title":{"rendered":"\u00c7\u00d6Z\u00dcMLER"},"content":{"rendered":"\t\t<div data-elementor-type=\"wp-page\" data-elementor-id=\"47412\" class=\"elementor elementor-47412\">\n\t\t\t\t\t\t\t\t\t<section class=\"elementor-section elementor-top-section elementor-element elementor-element-94924a3 elementor-section-stretched elementor-section-boxed elementor-section-height-default elementor-section-height-default tm-col-stretched-none tm-bg-color-over-image\" data-id=\"94924a3\" data-element_type=\"section\" data-settings=\"{&quot;stretch_section&quot;:&quot;section-stretched&quot;}\">\n\t\t\t\t\t\t<div class=\"elementor-container elementor-column-gap-extended\">\n\t\t\t\t\t<div class=\"elementor-column elementor-col-33 elementor-top-column elementor-element elementor-element-713f556 tm-bg-color-over-image\" data-id=\"713f556\" data-element_type=\"column\">\n\t\t\t<div class=\"elementor-widget-wrap elementor-element-populated\">\n\t\t\t\t\t\t\t\t<div class=\"elementor-element elementor-element-ce178c5 elementor-widget elementor-widget-tm-ele-info-box\" data-id=\"ce178c5\" data-element_type=\"widget\" data-widget_type=\"tm-ele-info-box.skin-style8\">\n\t\t\t\t<div class=\"elementor-widget-container\">\n\t\t\t<div class=\"tm-sc-info-box tm-info-box-skin8\">\r\n  <div class=\"info-box-wrapper\">\r\n    <div class=\"icon-wrapper elementor-icon\"><i aria-hidden=\"true\" class=\" flaticon-contact-024-globe\"><\/i><\/div>\r\n    <div class=\"info-text\">\r\n      \r\n            <h4 class=\"title\">\r\n                  PLAST\u0130K AMBALAJLAR              <\/h4>\r\n            <div class=\"text\"><p><span>Deneyimli ekibimiz m\u00fc\u015fteri istekleri do\u011frultusunda her sipari\u015fi en kaliteli \u015fekilde fabrikam\u0131zda \u00fcretip sevkiyata haz\u0131r hale getiriyor<\/span><\/p><\/div>\r\n    <\/div>\r\n        <div class=\"bottom-circle\"><\/div>\r\n  <\/div>\r\n<\/div>\t\t<\/div>\n\t\t\t\t<\/div>\n\t\t\t\t\t<\/div>\n\t\t<\/div>\n\t\t\t\t<div class=\"elementor-column elementor-col-33 elementor-top-column elementor-element elementor-element-96609a5 tm-bg-color-over-image\" data-id=\"96609a5\" data-element_type=\"column\">\n\t\t\t<div class=\"elementor-widget-wrap elementor-element-populated\">\n\t\t\t\t\t\t\t\t<div class=\"elementor-element elementor-element-0db7d2a elementor-widget elementor-widget-tm-ele-info-box\" data-id=\"0db7d2a\" data-element_type=\"widget\" data-widget_type=\"tm-ele-info-box.skin-style8\">\n\t\t\t\t<div class=\"elementor-widget-container\">\n\t\t\t<div class=\"tm-sc-info-box tm-info-box-skin8\">\r\n  <div class=\"info-box-wrapper\">\r\n    <div class=\"icon-wrapper elementor-icon\"><i aria-hidden=\"true\" class=\" flaticon-contact-024-globe\"><\/i><\/div>\r\n    <div class=\"info-text\">\r\n      \r\n            <h4 class=\"title\">\r\n                  GIDA AMBALAJLARI              <\/h4>\r\n            <div class=\"text\"><p><span>Deneyimli ekibimiz m\u00fc\u015fteri istekleri do\u011frultusunda her sipari\u015fi en kaliteli \u015fekilde fabrikam\u0131zda \u00fcretip sevkiyata haz\u0131r hale getiriyor<\/span><\/p><\/div>\r\n    <\/div>\r\n        <div class=\"bottom-circle\"><\/div>\r\n  <\/div>\r\n<\/div>\t\t<\/div>\n\t\t\t\t<\/div>\n\t\t\t\t\t<\/div>\n\t\t<\/div>\n\t\t\t\t<div class=\"elementor-column elementor-col-33 elementor-top-column elementor-element elementor-element-3e4b0f4 tm-bg-color-over-image\" data-id=\"3e4b0f4\" data-element_type=\"column\">\n\t\t\t<div class=\"elementor-widget-wrap elementor-element-populated\">\n\t\t\t\t\t\t\t\t<div class=\"elementor-element elementor-element-9399c34 elementor-widget elementor-widget-tm-ele-info-box\" data-id=\"9399c34\" data-element_type=\"widget\" data-widget_type=\"tm-ele-info-box.skin-style8\">\n\t\t\t\t<div class=\"elementor-widget-container\">\n\t\t\t<div class=\"tm-sc-info-box tm-info-box-skin8\">\r\n  <div class=\"info-box-wrapper\">\r\n    <div class=\"icon-wrapper elementor-icon\"><i aria-hidden=\"true\" class=\" flaticon-contact-024-globe\"><\/i><\/div>\r\n    <div class=\"info-text\">\r\n      \r\n            <h4 class=\"title\">\r\n                  GIDA DI\u015eI AMBALAJLAR              <\/h4>\r\n            <div class=\"text\"><p><span>Deneyimli ekibimiz m\u00fc\u015fteri istekleri do\u011frultusunda her sipari\u015fi en kaliteli \u015fekilde fabrikam\u0131zda \u00fcretip sevkiyata haz\u0131r hale getiriyor<\/span><\/p><\/div>\r\n    <\/div>\r\n        <div class=\"bottom-circle\"><\/div>\r\n  <\/div>\r\n<\/div>\t\t<\/div>\n\t\t\t\t<\/div>\n\t\t\t\t\t<\/div>\n\t\t<\/div>\n\t\t\t\t\t\t\t<\/div>\n\t\t<\/section>\n\t\t\t\t<section class=\"elementor-section elementor-top-section elementor-element elementor-element-1929cc7 elementor-section-stretched elementor-section-content-middle elementor-section-boxed elementor-section-height-default elementor-section-height-default tm-col-stretched-none tm-bg-color-over-image\" data-id=\"1929cc7\" data-element_type=\"section\" data-settings=\"{&quot;stretch_section&quot;:&quot;section-stretched&quot;,&quot;background_background&quot;:&quot;classic&quot;}\">\n\t\t\t\t\t\t\t<div class=\"elementor-background-overlay\"><\/div>\n\t\t\t\t\t\t\t<div class=\"elementor-container elementor-column-gap-extended\">\n\t\t\t\t\t<div class=\"elementor-column elementor-col-33 elementor-top-column elementor-element elementor-element-9472827 tm-bg-color-over-image\" data-id=\"9472827\" data-element_type=\"column\">\n\t\t\t<div class=\"elementor-widget-wrap elementor-element-populated\">\n\t\t\t\t\t\t\t\t<div class=\"elementor-element elementor-element-20f2bd5 horizontal-line-align-left vertical-line-align-bottom elementor-widget elementor-widget-tm-ele-section-title\" data-id=\"20f2bd5\" data-element_type=\"widget\" data-widget_type=\"tm-ele-section-title.default\">\n\t\t\t\t<div class=\"elementor-widget-container\">\n\t\t\t<div class=\"tm-sc-section-title section-title \">\r\n\t<div class=\"title-wrapper\">\r\n\t\t\t\t\t\t<h6 class=\"subtitle \">\r\n\r\n\t\t\r\n\t\tSESAPACK Plastik Ambalaj\t<\/h6>\r\n\t\t\t\t<h2 class=\"title \">\r\n\r\n\t\t\r\n\t\t\t\t<span class=\"title-part1 \">Yar\u0131nlara temiz bir gelecek i\u00e7in...<\/span>\r\n\t\t\t\t\r\n\t\t\r\n\t<\/h2>\r\n\t<div class=\"title-seperator-line\"><\/div>\t\t\t\t\t\t<\/div>\r\n<\/div>\t\t<\/div>\n\t\t\t\t<\/div>\n\t\t\t\t<div class=\"elementor-element elementor-element-55dc99c elementor-widget elementor-widget-tm-ele-iconbox\" data-id=\"55dc99c\" data-element_type=\"widget\" data-widget_type=\"tm-ele-iconbox.default\">\n\t\t\t\t<div class=\"elementor-widget-container\">\n\t\t\t<div class=\"tm-sc-icon-box icon-box icon-left tm-iconbox-icontype-font-icon iconbox-centered-in-responsive-mobile icon-position-icon-left animate-icon-on-hover animate-icon-rotate\" >\r\n\t\r\n  \t<div class=\"icon-box-wrapper\">\r\n\t\t\r\n\t\t<div class=\"icon-wrapper\">\r\n\t\t<a class=\"icon icon-type-font-icon icon-md icon-default-bg icon-circled\"\r\n\r\n\t\t\t\t\t\t\t\t>\r\n\t\t\t<i aria-hidden=\"true\" class=\" flaticon-common-checked\"><\/i>\t\t<\/a>\r\n\r\n\t\t\t<\/div>\r\n\t\t\t<div class=\"icon-text\">\r\n\t\t\t\t\t\t\r\n\t\t\t\t<h5 class=\"icon-box-title \">\r\n\t\t\t\t\t\t\t\u00dcr\u00fcn Kalitesi ve Teknoloji\t\t\t\t\t<\/h5>\r\n\t\t\t\t\t<div class=\"content\"><p>\u00dcretim hatlar\u0131nda kaliteden asla \u00f6d\u00fcn vermiyoruz. M\u00fc\u015fteri memnuniyeti i\u00e7in kaliteyi daima i\u015fimizin merkezine koyuyoruz.\u00a0<\/p><\/div>\r\n\t\t\t\t\t\t\r\n\t\t\t\r\n\t\r\n\t\t\t\t\t<\/div>\r\n\t\t<div class=\"clearfix\"><\/div>\r\n\t<\/div>\r\n<\/div>\t\t<\/div>\n\t\t\t\t<\/div>\n\t\t\t\t<div class=\"elementor-element elementor-element-294d02b elementor-widget-divider--view-line elementor-widget elementor-widget-divider\" data-id=\"294d02b\" data-element_type=\"widget\" data-widget_type=\"divider.default\">\n\t\t\t\t<div class=\"elementor-widget-container\">\n\t\t\t<style>\/*! elementor - v3.18.0 - 08-12-2023 *\/\n.elementor-widget-divider{--divider-border-style:none;--divider-border-width:1px;--divider-color:#0c0d0e;--divider-icon-size:20px;--divider-element-spacing:10px;--divider-pattern-height:24px;--divider-pattern-size:20px;--divider-pattern-url:none;--divider-pattern-repeat:repeat-x}.elementor-widget-divider .elementor-divider{display:flex}.elementor-widget-divider .elementor-divider__text{font-size:15px;line-height:1;max-width:95%}.elementor-widget-divider .elementor-divider__element{margin:0 var(--divider-element-spacing);flex-shrink:0}.elementor-widget-divider .elementor-icon{font-size:var(--divider-icon-size)}.elementor-widget-divider .elementor-divider-separator{display:flex;margin:0;direction:ltr}.elementor-widget-divider--view-line_icon .elementor-divider-separator,.elementor-widget-divider--view-line_text .elementor-divider-separator{align-items:center}.elementor-widget-divider--view-line_icon .elementor-divider-separator:after,.elementor-widget-divider--view-line_icon .elementor-divider-separator:before,.elementor-widget-divider--view-line_text .elementor-divider-separator:after,.elementor-widget-divider--view-line_text .elementor-divider-separator:before{display:block;content:\"\";border-bottom:0;flex-grow:1;border-top:var(--divider-border-width) var(--divider-border-style) var(--divider-color)}.elementor-widget-divider--element-align-left .elementor-divider .elementor-divider-separator>.elementor-divider__svg:first-of-type{flex-grow:0;flex-shrink:100}.elementor-widget-divider--element-align-left .elementor-divider-separator:before{content:none}.elementor-widget-divider--element-align-left .elementor-divider__element{margin-left:0}.elementor-widget-divider--element-align-right .elementor-divider .elementor-divider-separator>.elementor-divider__svg:last-of-type{flex-grow:0;flex-shrink:100}.elementor-widget-divider--element-align-right .elementor-divider-separator:after{content:none}.elementor-widget-divider--element-align-right .elementor-divider__element{margin-right:0}.elementor-widget-divider:not(.elementor-widget-divider--view-line_text):not(.elementor-widget-divider--view-line_icon) .elementor-divider-separator{border-top:var(--divider-border-width) var(--divider-border-style) var(--divider-color)}.elementor-widget-divider--separator-type-pattern{--divider-border-style:none}.elementor-widget-divider--separator-type-pattern.elementor-widget-divider--view-line .elementor-divider-separator,.elementor-widget-divider--separator-type-pattern:not(.elementor-widget-divider--view-line) .elementor-divider-separator:after,.elementor-widget-divider--separator-type-pattern:not(.elementor-widget-divider--view-line) .elementor-divider-separator:before,.elementor-widget-divider--separator-type-pattern:not([class*=elementor-widget-divider--view]) .elementor-divider-separator{width:100%;min-height:var(--divider-pattern-height);-webkit-mask-size:var(--divider-pattern-size) 100%;mask-size:var(--divider-pattern-size) 100%;-webkit-mask-repeat:var(--divider-pattern-repeat);mask-repeat:var(--divider-pattern-repeat);background-color:var(--divider-color);-webkit-mask-image:var(--divider-pattern-url);mask-image:var(--divider-pattern-url)}.elementor-widget-divider--no-spacing{--divider-pattern-size:auto}.elementor-widget-divider--bg-round{--divider-pattern-repeat:round}.rtl .elementor-widget-divider .elementor-divider__text{direction:rtl}.e-con-inner>.elementor-widget-divider,.e-con>.elementor-widget-divider{width:var(--container-widget-width,100%);--flex-grow:var(--container-widget-flex-grow)}<\/style>\t\t<div class=\"elementor-divider\">\n\t\t\t<span class=\"elementor-divider-separator\">\n\t\t\t\t\t\t<\/span>\n\t\t<\/div>\n\t\t\t\t<\/div>\n\t\t\t\t<\/div>\n\t\t\t\t<div class=\"elementor-element elementor-element-d4d32b5 elementor-widget elementor-widget-tm-ele-iconbox\" data-id=\"d4d32b5\" data-element_type=\"widget\" data-widget_type=\"tm-ele-iconbox.default\">\n\t\t\t\t<div class=\"elementor-widget-container\">\n\t\t\t<div class=\"tm-sc-icon-box icon-box icon-left tm-iconbox-icontype-font-icon iconbox-centered-in-responsive-mobile icon-position-icon-left animate-icon-on-hover animate-icon-rotate\" >\r\n\t\r\n  \t<div class=\"icon-box-wrapper\">\r\n\t\t\r\n\t\t<div class=\"icon-wrapper\">\r\n\t\t<a class=\"icon icon-type-font-icon icon-md icon-default-bg icon-circled\"\r\n\r\n\t\t\t\t\t\t\t\t>\r\n\t\t\t<i aria-hidden=\"true\" class=\" flaticon-common-checked\"><\/i>\t\t<\/a>\r\n\r\n\t\t\t<\/div>\r\n\t\t\t<div class=\"icon-text\">\r\n\t\t\t\t\t\t\r\n\t\t\t\t<h5 class=\"icon-box-title \">\r\n\t\t\t\t\t\t\t\u00d6zel Ambalaj \u00c7\u00f6z\u00fcmleri\t\t\t\t\t<\/h5>\r\n\t\t\t\t\t<div class=\"content\"><p>\u00dcretim hatlar\u0131nda kaliteden asla \u00f6d\u00fcn vermiyoruz. M\u00fc\u015fteri memnuniyeti i\u00e7in kaliteyi daima i\u015fimizin merkezine koyuyoruz.\u00a0<\/p><\/div>\r\n\t\t\t\t\t\t\r\n\t\t\t\r\n\t\r\n\t\t\t\t\t<\/div>\r\n\t\t<div class=\"clearfix\"><\/div>\r\n\t<\/div>\r\n<\/div>\t\t<\/div>\n\t\t\t\t<\/div>\n\t\t\t\t<div class=\"elementor-element elementor-element-efa3242 elementor-widget-divider--view-line elementor-widget elementor-widget-divider\" data-id=\"efa3242\" data-element_type=\"widget\" data-widget_type=\"divider.default\">\n\t\t\t\t<div class=\"elementor-widget-container\">\n\t\t\t\t\t<div class=\"elementor-divider\">\n\t\t\t<span class=\"elementor-divider-separator\">\n\t\t\t\t\t\t<\/span>\n\t\t<\/div>\n\t\t\t\t<\/div>\n\t\t\t\t<\/div>\n\t\t\t\t<div class=\"elementor-element elementor-element-4e5f76e elementor-widget elementor-widget-tm-ele-iconbox\" data-id=\"4e5f76e\" data-element_type=\"widget\" data-widget_type=\"tm-ele-iconbox.default\">\n\t\t\t\t<div class=\"elementor-widget-container\">\n\t\t\t<div class=\"tm-sc-icon-box icon-box icon-left tm-iconbox-icontype-font-icon iconbox-centered-in-responsive-mobile icon-position-icon-left animate-icon-on-hover animate-icon-rotate\" >\r\n\t\r\n  \t<div class=\"icon-box-wrapper\">\r\n\t\t\r\n\t\t<div class=\"icon-wrapper\">\r\n\t\t<a class=\"icon icon-type-font-icon icon-md icon-default-bg icon-circled\"\r\n\r\n\t\t\t\t\t\t\t\t>\r\n\t\t\t<i aria-hidden=\"true\" class=\" flaticon-common-checked\"><\/i>\t\t<\/a>\r\n\r\n\t\t\t<\/div>\r\n\t\t\t<div class=\"icon-text\">\r\n\t\t\t\t\t\t\r\n\t\t\t\t<h5 class=\"icon-box-title \">\r\n\t\t\t\t\t\t\tS\u00fcrd\u00fcr\u00fclebilirlik\t\t\t\t\t<\/h5>\r\n\t\t\t\t\t<div class=\"content\"><p>\u00dcretim hatlar\u0131nda kaliteden asla \u00f6d\u00fcn vermiyoruz. M\u00fc\u015fteri memnuniyeti i\u00e7in kaliteyi daima i\u015fimizin merkezine koyuyoruz.\u00a0<\/p><\/div>\r\n\t\t\t\t\t\t\r\n\t\t\t\r\n\t\r\n\t\t\t\t\t<\/div>\r\n\t\t<div class=\"clearfix\"><\/div>\r\n\t<\/div>\r\n<\/div>\t\t<\/div>\n\t\t\t\t<\/div>\n\t\t\t\t\t<\/div>\n\t\t<\/div>\n\t\t\t\t<div class=\"elementor-column elementor-col-33 elementor-top-column elementor-element elementor-element-3d6ff33 tm-bg-color-over-image\" data-id=\"3d6ff33\" data-element_type=\"column\">\n\t\t\t<div class=\"elementor-widget-wrap\">\n\t\t\t\t\t\t\t\t\t<\/div>\n\t\t<\/div>\n\t\t\t\t<div class=\"elementor-column elementor-col-33 elementor-top-column elementor-element elementor-element-6ee8c63 tm-bg-color-over-image\" data-id=\"6ee8c63\" data-element_type=\"column\">\n\t\t\t<div class=\"elementor-widget-wrap elementor-element-populated\">\n\t\t\t\t\t\t\t\t<div class=\"elementor-element elementor-element-bba879d elementor-widget elementor-widget-image\" data-id=\"bba879d\" data-element_type=\"widget\" data-widget_type=\"image.default\">\n\t\t\t\t<div class=\"elementor-widget-container\">\n\t\t\t<style>\/*! elementor - v3.18.0 - 08-12-2023 *\/\n.elementor-widget-image{text-align:center}.elementor-widget-image a{display:inline-block}.elementor-widget-image a img[src$=\".svg\"]{width:48px}.elementor-widget-image img{vertical-align:middle;display:inline-block}<\/style>\t\t\t\t\t\t\t\t\t\t\t\t<img fetchpriority=\"high\" decoding=\"async\" width=\"2560\" height=\"1707\" src=\"https:\/\/www.ssplastik.com.tr\/wp-content\/uploads\/2023\/08\/CgpnRL4UkAEie9L-scaled.jpg\" class=\"attachment-full size-full wp-image-47179\" alt=\"\" srcset=\"https:\/\/www.ssplastik.com.tr\/wp-content\/uploads\/2023\/08\/CgpnRL4UkAEie9L-scaled.jpg 2560w, https:\/\/www.ssplastik.com.tr\/wp-content\/uploads\/2023\/08\/CgpnRL4UkAEie9L-300x200.jpg 300w, https:\/\/www.ssplastik.com.tr\/wp-content\/uploads\/2023\/08\/CgpnRL4UkAEie9L-1024x683.jpg 1024w, https:\/\/www.ssplastik.com.tr\/wp-content\/uploads\/2023\/08\/CgpnRL4UkAEie9L-768x512.jpg 768w, https:\/\/www.ssplastik.com.tr\/wp-content\/uploads\/2023\/08\/CgpnRL4UkAEie9L-1536x1024.jpg 1536w, https:\/\/www.ssplastik.com.tr\/wp-content\/uploads\/2023\/08\/CgpnRL4UkAEie9L-2048x1366.jpg 2048w, https:\/\/www.ssplastik.com.tr\/wp-content\/uploads\/2023\/08\/CgpnRL4UkAEie9L-672x448.jpg 672w, https:\/\/www.ssplastik.com.tr\/wp-content\/uploads\/2023\/08\/CgpnRL4UkAEie9L-600x400.jpg 600w\" sizes=\"(max-width: 2560px) 100vw, 2560px\" \/>\t\t\t\t\t\t\t\t\t\t\t\t\t\t\t<\/div>\n\t\t\t\t<\/div>\n\t\t\t\t\t<\/div>\n\t\t<\/div>\n\t\t\t\t\t\t\t<\/div>\n\t\t<\/section>\n\t\t\t\t\t\t\t<\/div>\n\t\t","protected":false},"excerpt":{"rendered":"<p>PLAST\u0130K AMBALAJLAR Deneyimli ekibimiz m\u00fc\u015fteri istekleri do\u011frultusunda her sipari\u015fi en kaliteli \u015fekilde fabrikam\u0131zda \u00fcretip sevkiyata haz\u0131r hale getiriyor GIDA AMBALAJLARI&#8230;<\/p>\n","protected":false},"author":1,"featured_media":0,"parent":0,"menu_order":0,"comment_status":"closed","ping_status":"closed","template":"","meta":{"footnotes":""},"class_list":["post-47412","page","type-page","status-publish","hentry"],"_links":{"self":[{"href":"https:\/\/www.ssplastik.com.tr\/index.php\/wp-json\/wp\/v2\/pages\/47412","targetHints":{"allow":["GET"]}}],"collection":[{"href":"https:\/\/www.ssplastik.com.tr\/index.php\/wp-json\/wp\/v2\/pages"}],"about":[{"href":"https:\/\/www.ssplastik.com.tr\/index.php\/wp-json\/wp\/v2\/types\/page"}],"author":[{"embeddable":true,"href":"https:\/\/www.ssplastik.com.tr\/index.php\/wp-json\/wp\/v2\/users\/1"}],"replies":[{"embeddable":true,"href":"https:\/\/www.ssplastik.com.tr\/index.php\/wp-json\/wp\/v2\/comments?post=47412"}],"version-history":[{"count":4,"href":"https:\/\/www.ssplastik.com.tr\/index.php\/wp-json\/wp\/v2\/pages\/47412\/revisions"}],"predecessor-version":[{"id":47418,"href":"https:\/\/www.ssplastik.com.tr\/index.php\/wp-json\/wp\/v2\/pages\/47412\/revisions\/47418"}],"wp:attachment":[{"href":"https:\/\/www.ssplastik.com.tr\/index.php\/wp-json\/wp\/v2\/media?parent=47412"}],"curies":[{"name":"wp","href":"https:\/\/api.w.org\/{rel}","templated":true}]}}